{"id":749,"date":"2018-09-19T15:08:41","date_gmt":"2018-09-19T18:08:41","guid":{"rendered":"http:\/\/www.rpssistemas.com.br\/?page_id=749"},"modified":"2023-09-02T09:54:01","modified_gmt":"2023-09-02T12:54:01","slug":"demonstracoes","status":"publish","type":"page","link":"https:\/\/www.rpssistemas.com.br\/?page_id=749","title":{"rendered":"Demonstra\u00e7\u00e3o"},"content":{"rendered":"<div id=\"pl-749\"  class=\"panel-layout\" ><div id=\"pg-749-0\"  class=\"panel-grid panel-no-style\" ><div id=\"pgc-749-0-0\"  class=\"panel-grid-cell\" ><div id=\"panel-749-0-0-0\" class=\"so-panel widget widget_text panel-first-child\" data-index=\"0\" >\t\t\t<div class=\"textwidget\"><p><a href=\"https:\/\/web.whatsapp.com\/send?phone=5555999152370&amp;text=https:\/\/www.rpssistemas.com.br\/%20Ol%C3%A1,%20gostaria%20de%20agendar%20sua%20demonstra\u00e7\u00e3o%20?\" target=\"_blank\" rel=\"noopener\"><img loading=\"lazy\" decoding=\"async\" class=\"aligncenter wp-image-780\" src=\"https:\/\/www.rpssistemas.com.br\/wp-content\/uploads\/2020\/03\/WhatsApp-icone-300x300.png\" alt=\"\" width=\"101\" height=\"101\" srcset=\"https:\/\/www.rpssistemas.com.br\/wp-content\/uploads\/2020\/03\/WhatsApp-icone-300x300.png 300w, https:\/\/www.rpssistemas.com.br\/wp-content\/uploads\/2020\/03\/WhatsApp-icone-150x150.png 150w, https:\/\/www.rpssistemas.com.br\/wp-content\/uploads\/2020\/03\/WhatsApp-icone-768x772.png 768w, https:\/\/www.rpssistemas.com.br\/wp-content\/uploads\/2020\/03\/WhatsApp-icone-1019x1024.png 1019w\" sizes=\"auto, (max-width: 101px) 100vw, 101px\" \/><\/a><\/p>\n<pre><span style=\"font-family: arial;\"><strong>Telefones: <\/strong>(55) 3411-2900 \n<\/span><span style=\"font-family: arial;\"><strong>Email:<\/strong> diretorcomercialrps@gmail.com<\/span><\/pre>\n<pre><span style=\"font-family: arial;\"><strong>Endere\u00e7o: <\/strong>Rua prado lima, 3089 - Bairro - S\u00e3o Miguel\nUruguaiana - RS - CEP: 97502736\n<\/span><\/pre>\n<pre><span style=\"font-family: arial;\"><strong>Contato:<\/strong> Sergio Colvero - (55) 999152370<\/span><\/pre>\n<\/div>\n\t\t<\/div><div id=\"panel-749-0-0-1\" class=\"so-panel widget widget_text panel-last-child\" data-index=\"1\" >\t\t\t<div class=\"textwidget\"><p>Caso necessite de auxilio para instala\u00e7\u00e3o e configura\u00e7\u00e3o de DEMO.<br \/>\nAgende uma demonstra\u00e7\u00e3o com nosso representante comercial.<\/p>\n<\/div>\n\t\t<\/div><\/div><\/div><div id=\"pg-749-1\"  class=\"panel-grid panel-no-style\" ><div id=\"pgc-749-1-0\"  class=\"panel-grid-cell\" ><div id=\"panel-749-1-0-0\" class=\"so-panel widget widget_sow-editor panel-first-child\" data-index=\"2\" ><div\n\t\t\t\n\t\t\tclass=\"so-widget-sow-editor so-widget-sow-editor-base\"\n\t\t\t\n\t\t>\n<div class=\"siteorigin-widget-tinymce textwidget\">\n\t<p><a href=\"\/dowload\/PDV.zip\"><img loading=\"lazy\" decoding=\"async\" class=\"aligncenter wp-image-1088 size-medium\" src=\"http:\/\/www.rpssistemas.com.br\/wp-content\/uploads\/2023\/05\/Design-sem-nome-13-300x300.png\" alt=\"\" width=\"300\" height=\"300\" srcset=\"https:\/\/www.rpssistemas.com.br\/wp-content\/uploads\/2023\/05\/Design-sem-nome-13-300x300.png 300w, https:\/\/www.rpssistemas.com.br\/wp-content\/uploads\/2023\/05\/Design-sem-nome-13-1024x1024.png 1024w, https:\/\/www.rpssistemas.com.br\/wp-content\/uploads\/2023\/05\/Design-sem-nome-13-150x150.png 150w, https:\/\/www.rpssistemas.com.br\/wp-content\/uploads\/2023\/05\/Design-sem-nome-13-768x768.png 768w, https:\/\/www.rpssistemas.com.br\/wp-content\/uploads\/2023\/05\/Design-sem-nome-13.png 1080w\" sizes=\"auto, (max-width: 300px) 100vw, 300px\" \/><\/a><\/p>\n<p style=\"text-align: center;\">Demonstra\u00e7\u00e3o v\u00e1lida por 20 dias, PDV.<\/p>\n<\/div>\n<\/div><\/div><div id=\"panel-749-1-0-1\" class=\"so-panel widget widget_text panel-last-child\" data-index=\"3\" >\t\t\t<div class=\"textwidget\"><p><strong><a href=\"\/dowload\/MANUAL.pdf\">Manual de Instala\u00e7\u00e3o PDV<\/a><\/strong><\/p>\n<\/div>\n\t\t<\/div><\/div><div id=\"pgc-749-1-1\"  class=\"panel-grid-cell panel-grid-cell-empty\" ><\/div><div id=\"pgc-749-1-2\"  class=\"panel-grid-cell\" ><div id=\"panel-749-1-2-0\" class=\"so-panel widget widget_sow-editor panel-first-child\" data-index=\"4\" ><div\n\t\t\t\n\t\t\tclass=\"so-widget-sow-editor so-widget-sow-editor-base\"\n\t\t\t\n\t\t>\n<div class=\"siteorigin-widget-tinymce textwidget\">\n\t<p><img loading=\"lazy\" decoding=\"async\" class=\"wp-image-1092 size-medium aligncenter\" src=\"http:\/\/www.rpssistemas.com.br\/wp-content\/uploads\/2023\/05\/Design-sem-nome-14-300x300.png\" alt=\"\" width=\"300\" height=\"300\" srcset=\"https:\/\/www.rpssistemas.com.br\/wp-content\/uploads\/2023\/05\/Design-sem-nome-14-300x300.png 300w, https:\/\/www.rpssistemas.com.br\/wp-content\/uploads\/2023\/05\/Design-sem-nome-14-1024x1024.png 1024w, https:\/\/www.rpssistemas.com.br\/wp-content\/uploads\/2023\/05\/Design-sem-nome-14-150x150.png 150w, https:\/\/www.rpssistemas.com.br\/wp-content\/uploads\/2023\/05\/Design-sem-nome-14-768x768.png 768w, https:\/\/www.rpssistemas.com.br\/wp-content\/uploads\/2023\/05\/Design-sem-nome-14.png 1080w\" sizes=\"auto, (max-width: 300px) 100vw, 300px\" \/><\/p>\n<p style=\"text-align: center;\">Demonstra\u00e7\u00e3o v\u00e1lida por 20 dias, PDV MOBILE.<\/p>\n<\/div>\n<\/div><\/div><div id=\"panel-749-1-2-1\" class=\"so-panel widget widget_text\" data-index=\"5\" >\t\t\t<div class=\"textwidget\"><p><strong><a href=\"https:\/\/www.youtube.com\/watch?v=PMXHnteZ8wU&amp;t=1s\">Video PDV MOBILE\u00a0<\/a><\/p>\n<p><a href=\"http:\/\/www\">Manual de Instala\u00e7\u00e3o PDV MOBILE<\/a><br \/>\n<\/strong><\/p>\n<\/div>\n\t\t<\/div><div id=\"panel-749-1-2-2\" class=\"so-panel widget widget_text panel-last-child\" data-index=\"6\" >\t\t\t<div class=\"textwidget\"><p><strong><a href=\"http:\/\/www\">Manual de Instala\u00e7\u00e3o PDV MOBILE<\/a><\/strong><\/p>\n<\/div>\n\t\t<\/div><\/div><\/div><div id=\"pg-749-2\"  class=\"panel-grid panel-no-style\" ><div id=\"pgc-749-2-0\"  class=\"panel-grid-cell\" ><div id=\"panel-749-2-0-0\" class=\"so-panel widget widget_sow-editor panel-first-child\" data-index=\"7\" ><div\n\t\t\t\n\t\t\tclass=\"so-widget-sow-editor so-widget-sow-editor-base\"\n\t\t\t\n\t\t>\n<div class=\"siteorigin-widget-tinymce textwidget\">\n\t<p><a href=\"https:\/\/www.youtube.com\/watch?v=CIlxkqwsLXA\"><img loading=\"lazy\" decoding=\"async\" class=\"wp-image-1094 size-medium aligncenter\" src=\"http:\/\/www.rpssistemas.com.br\/wp-content\/uploads\/2023\/05\/D_NQ_NP_629789-MLB69475147024_052023-O-300x289.webp\" alt=\"\" width=\"300\" height=\"289\" srcset=\"https:\/\/www.rpssistemas.com.br\/wp-content\/uploads\/2023\/05\/D_NQ_NP_629789-MLB69475147024_052023-O-300x289.webp 300w, https:\/\/www.rpssistemas.com.br\/wp-content\/uploads\/2023\/05\/D_NQ_NP_629789-MLB69475147024_052023-O.webp 500w\" sizes=\"auto, (max-width: 300px) 100vw, 300px\" \/><\/a><\/p>\n<p style=\"text-align: center;\">Demonstra\u00e7\u00e3o v\u00e1lida por 20 dias, Cat\u00e1logo Online.<\/p>\n<\/div>\n<\/div><\/div><div id=\"panel-749-2-0-1\" class=\"so-panel widget widget_text panel-last-child\" data-index=\"8\" >\t\t\t<div class=\"textwidget\"><p><strong><a href=\"https:\/\/www.youtube.com\/watch?v=CIlxkqwsLXA\">Video PDV &#8211; CAT\u00c1LOGO<\/a><\/strong><\/p>\n<p><strong><a href=\"\/dowload\/MANUAL.pdf\">Manual de Instala\u00e7\u00e3o PDV &#8211; CAT\u00c1LOGO<\/a><\/strong><\/p>\n<\/div>\n\t\t<\/div><\/div><div id=\"pgc-749-2-1\"  class=\"panel-grid-cell panel-grid-cell-empty panel-grid-cell-mobile-last\" ><\/div><div id=\"pgc-749-2-2\"  class=\"panel-grid-cell panel-grid-cell-empty\" ><\/div><\/div><div id=\"pg-749-3\"  class=\"panel-grid panel-no-style\" ><div id=\"pgc-749-3-0\"  class=\"panel-grid-cell\" ><div id=\"panel-749-3-0-0\" class=\"so-panel widget widget_sow-editor panel-first-child\" data-index=\"9\" ><div\n\t\t\t\n\t\t\tclass=\"so-widget-sow-editor so-widget-sow-editor-base\"\n\t\t\t\n\t\t>\n<div class=\"siteorigin-widget-tinymce textwidget\">\n\t<p><a href=\"https:\/\/www.youtube.com\/shorts\/m8qHRezjU30\"><img loading=\"lazy\" decoding=\"async\" class=\"wp-image-1102 size-medium aligncenter\" src=\"http:\/\/www.rpssistemas.com.br\/wp-content\/uploads\/2023\/05\/Ja-pensou-em-automatiZar-seu-petshop-300x300.png\" alt=\"\" width=\"300\" height=\"300\" srcset=\"https:\/\/www.rpssistemas.com.br\/wp-content\/uploads\/2023\/05\/Ja-pensou-em-automatiZar-seu-petshop-300x300.png 300w, https:\/\/www.rpssistemas.com.br\/wp-content\/uploads\/2023\/05\/Ja-pensou-em-automatiZar-seu-petshop-1024x1024.png 1024w, https:\/\/www.rpssistemas.com.br\/wp-content\/uploads\/2023\/05\/Ja-pensou-em-automatiZar-seu-petshop-150x150.png 150w, https:\/\/www.rpssistemas.com.br\/wp-content\/uploads\/2023\/05\/Ja-pensou-em-automatiZar-seu-petshop-768x768.png 768w, https:\/\/www.rpssistemas.com.br\/wp-content\/uploads\/2023\/05\/Ja-pensou-em-automatiZar-seu-petshop.png 1080w\" sizes=\"auto, (max-width: 300px) 100vw, 300px\" \/><\/a><\/p>\n<p style=\"text-align: center;\">Demonstra\u00e7\u00e3o v\u00e1lida por 20 dias, M\u00f3dulo Pet Shop.<\/p>\n<\/div>\n<\/div><\/div><div id=\"panel-749-3-0-1\" class=\"so-panel widget widget_text panel-last-child\" data-index=\"10\" >\t\t\t<div class=\"textwidget\"><p><strong><a href=\"https:\/\/www.youtube.com\/shorts\/m8qHRezjU30\">Video\u00a0 Coneix &#8211; PET<\/a><\/strong><\/p>\n<p><strong><a href=\"\/dowload\/MANUAL.pdf\">Manual de Instala\u00e7\u00e3o Coneix &#8211; PET<\/a><\/strong><\/p>\n<\/div>\n\t\t<\/div><\/div><div id=\"pgc-749-3-1\"  class=\"panel-grid-cell panel-grid-cell-empty\" ><\/div><div id=\"pgc-749-3-2\"  class=\"panel-grid-cell\" ><div id=\"panel-749-3-2-0\" class=\"so-panel widget widget_sow-editor panel-first-child\" data-index=\"11\" ><div\n\t\t\t\n\t\t\tclass=\"so-widget-sow-editor so-widget-sow-editor-base\"\n\t\t\t\n\t\t>\n<div class=\"siteorigin-widget-tinymce textwidget\">\n\t<p><a href=\"https:\/\/www.youtube.com\/shorts\/VM_LPIS-pv4\"><img loading=\"lazy\" decoding=\"async\" class=\"wp-image-1100 size-medium aligncenter\" src=\"http:\/\/www.rpssistemas.com.br\/wp-content\/uploads\/2023\/05\/No-PDV-Retaguarda-entre-em-configuracoes-Parametros-Gerais-podera-definir-o-tipo-de-comanda-para-restaurante-numero-de-mesas-e-estacionamentos-1-300x300.png\" alt=\"\" width=\"300\" height=\"300\" srcset=\"https:\/\/www.rpssistemas.com.br\/wp-content\/uploads\/2023\/05\/No-PDV-Retaguarda-entre-em-configuracoes-Parametros-Gerais-podera-definir-o-tipo-de-comanda-para-restaurante-numero-de-mesas-e-estacionamentos-1-300x300.png 300w, https:\/\/www.rpssistemas.com.br\/wp-content\/uploads\/2023\/05\/No-PDV-Retaguarda-entre-em-configuracoes-Parametros-Gerais-podera-definir-o-tipo-de-comanda-para-restaurante-numero-de-mesas-e-estacionamentos-1-1024x1024.png 1024w, https:\/\/www.rpssistemas.com.br\/wp-content\/uploads\/2023\/05\/No-PDV-Retaguarda-entre-em-configuracoes-Parametros-Gerais-podera-definir-o-tipo-de-comanda-para-restaurante-numero-de-mesas-e-estacionamentos-1-150x150.png 150w, https:\/\/www.rpssistemas.com.br\/wp-content\/uploads\/2023\/05\/No-PDV-Retaguarda-entre-em-configuracoes-Parametros-Gerais-podera-definir-o-tipo-de-comanda-para-restaurante-numero-de-mesas-e-estacionamentos-1-768x768.png 768w, https:\/\/www.rpssistemas.com.br\/wp-content\/uploads\/2023\/05\/No-PDV-Retaguarda-entre-em-configuracoes-Parametros-Gerais-podera-definir-o-tipo-de-comanda-para-restaurante-numero-de-mesas-e-estacionamentos-1.png 1080w\" sizes=\"auto, (max-width: 300px) 100vw, 300px\" \/><\/a><\/p>\n<p style=\"text-align: center;\">Demonstra\u00e7\u00e3o v\u00e1lida por 20 dias, M\u00f3dulo Oficina.<\/p>\n<\/div>\n<\/div><\/div><div id=\"panel-749-3-2-1\" class=\"so-panel widget widget_text panel-last-child\" data-index=\"12\" >\t\t\t<div class=\"textwidget\"><p><strong><a href=\"https:\/\/www.youtube.com\/shorts\/VM_LPIS-pv4\">Video Coneix &#8211; OFICINA<\/a><\/strong><\/p>\n<p><strong><a href=\"\/dowload\/MANUAL.pdf\">Manual de Instala\u00e7\u00e3o Coneix &#8211; OFICINA<\/a><\/strong><\/p>\n<\/div>\n\t\t<\/div><\/div><\/div><div id=\"pg-749-4\"  class=\"panel-grid panel-no-style\" ><div id=\"pgc-749-4-0\"  class=\"panel-grid-cell\" ><div id=\"panel-749-4-0-0\" class=\"so-panel widget widget_sow-editor panel-first-child\" data-index=\"13\" ><div\n\t\t\t\n\t\t\tclass=\"so-widget-sow-editor so-widget-sow-editor-base\"\n\t\t\t\n\t\t>\n<div class=\"siteorigin-widget-tinymce textwidget\">\n\t<p style=\"text-align: center;\"><img loading=\"lazy\" decoding=\"async\" class=\"wp-image-1159 size-medium aligncenter\" src=\"http:\/\/www.rpssistemas.com.br\/wp-content\/uploads\/2023\/06\/Coneix-Web-3-300x300.png\" alt=\"\" width=\"300\" height=\"300\" srcset=\"https:\/\/www.rpssistemas.com.br\/wp-content\/uploads\/2023\/06\/Coneix-Web-3-300x300.png 300w, https:\/\/www.rpssistemas.com.br\/wp-content\/uploads\/2023\/06\/Coneix-Web-3-1024x1024.png 1024w, https:\/\/www.rpssistemas.com.br\/wp-content\/uploads\/2023\/06\/Coneix-Web-3-150x150.png 150w, https:\/\/www.rpssistemas.com.br\/wp-content\/uploads\/2023\/06\/Coneix-Web-3-768x768.png 768w, https:\/\/www.rpssistemas.com.br\/wp-content\/uploads\/2023\/06\/Coneix-Web-3.png 1080w\" sizes=\"auto, (max-width: 300px) 100vw, 300px\" \/>M\u00f3dulo Coneix Pedido - Entre em contato conosco para agendar sua demonstra\u00e7\u00e3o.<\/p>\n<\/div>\n<\/div><\/div><div id=\"panel-749-4-0-1\" class=\"so-panel widget widget_text panel-last-child\" data-index=\"14\" >\t\t\t<div class=\"textwidget\"><p><strong><a href=\"\/dowload\/MANUAL.pdf\">Manual de Instala\u00e7\u00e3o Coneix &#8211; PEDIDO<\/a><\/strong><\/p>\n<\/div>\n\t\t<\/div><\/div><div id=\"pgc-749-4-1\"  class=\"panel-grid-cell panel-grid-cell-empty panel-grid-cell-mobile-last\" ><\/div><div id=\"pgc-749-4-2\"  class=\"panel-grid-cell panel-grid-cell-empty\" ><\/div><\/div><div id=\"pg-749-5\"  class=\"panel-grid panel-no-style\" ><div id=\"pgc-749-5-0\"  class=\"panel-grid-cell\" ><div id=\"panel-749-5-0-0\" class=\"so-panel widget widget_sow-editor panel-first-child\" data-index=\"15\" ><div\n\t\t\t\n\t\t\tclass=\"so-widget-sow-editor so-widget-sow-editor-base\"\n\t\t\t\n\t\t>\n<div class=\"siteorigin-widget-tinymce textwidget\">\n\t<p style=\"text-align: center;\"><img loading=\"lazy\" decoding=\"async\" class=\"wp-image-1170 size-medium aligncenter\" src=\"http:\/\/www.rpssistemas.com.br\/wp-content\/uploads\/2023\/06\/Design-sem-nome-9-1-300x300.png\" alt=\"\" width=\"300\" height=\"300\" srcset=\"https:\/\/www.rpssistemas.com.br\/wp-content\/uploads\/2023\/06\/Design-sem-nome-9-1-300x300.png 300w, https:\/\/www.rpssistemas.com.br\/wp-content\/uploads\/2023\/06\/Design-sem-nome-9-1-1024x1024.png 1024w, https:\/\/www.rpssistemas.com.br\/wp-content\/uploads\/2023\/06\/Design-sem-nome-9-1-150x150.png 150w, https:\/\/www.rpssistemas.com.br\/wp-content\/uploads\/2023\/06\/Design-sem-nome-9-1-768x768.png 768w, https:\/\/www.rpssistemas.com.br\/wp-content\/uploads\/2023\/06\/Design-sem-nome-9-1.png 1080w\" sizes=\"auto, (max-width: 300px) 100vw, 300px\" \/> Folha de Pagamento - Entre em contato conosco para agendar sua demonstra\u00e7\u00e3o.<\/p>\n<\/div>\n<\/div><\/div><div id=\"panel-749-5-0-1\" class=\"so-panel widget widget_text panel-last-child\" data-index=\"16\" >\t\t\t<div class=\"textwidget\"><p><strong><a href=\"https:\/\/www.youtube.com\/watch?v=H3JQcoupS10\">Video Folha de Pagamento<\/a><\/strong><\/p>\n<p><strong><a href=\"\/dowload\/MANUAL.pdf\">Manual de Instala\u00e7\u00e3o Folha de Pagamento<\/a><\/strong><\/p>\n<\/div>\n\t\t<\/div><\/div><div id=\"pgc-749-5-1\"  class=\"panel-grid-cell panel-grid-cell-empty\" ><\/div><div id=\"pgc-749-5-2\"  class=\"panel-grid-cell\" ><div id=\"panel-749-5-2-0\" class=\"so-panel widget widget_sow-editor panel-first-child\" data-index=\"17\" ><div\n\t\t\t\n\t\t\tclass=\"so-widget-sow-editor so-widget-sow-editor-base\"\n\t\t\t\n\t\t>\n<div class=\"siteorigin-widget-tinymce textwidget\">\n\t<p style=\"text-align: center;\"><img loading=\"lazy\" decoding=\"async\" class=\"wp-image-1156 size-medium aligncenter\" src=\"http:\/\/www.rpssistemas.com.br\/wp-content\/uploads\/2023\/06\/152370-10-300x300.png\" alt=\"\" width=\"300\" height=\"300\" srcset=\"https:\/\/www.rpssistemas.com.br\/wp-content\/uploads\/2023\/06\/152370-10-300x300.png 300w, https:\/\/www.rpssistemas.com.br\/wp-content\/uploads\/2023\/06\/152370-10-1024x1024.png 1024w, https:\/\/www.rpssistemas.com.br\/wp-content\/uploads\/2023\/06\/152370-10-150x150.png 150w, https:\/\/www.rpssistemas.com.br\/wp-content\/uploads\/2023\/06\/152370-10-768x768.png 768w, https:\/\/www.rpssistemas.com.br\/wp-content\/uploads\/2023\/06\/152370-10.png 1080w\" sizes=\"auto, (max-width: 300px) 100vw, 300px\" \/><\/p>\n<p style=\"text-align: center;\">Valour Sistema Cont\u00e1bil - Entre em contato conosco para agendar sua demonstra\u00e7\u00e3o.<\/p>\n<\/div>\n<\/div><\/div><div id=\"panel-749-5-2-1\" class=\"so-panel widget widget_text panel-last-child\" data-index=\"18\" >\t\t\t<div class=\"textwidget\"><p><strong><a href=\"https:\/\/www.youtube.com\/watch?v=qnG_Mfmlm0I&amp;t=5s\">Video Valour &#8211; Sistema Cont\u00e1bil<\/a><\/strong><\/p>\n<p>&nbsp;<\/p>\n<\/div>\n\t\t<\/div><\/div><\/div><div id=\"pg-749-6\"  class=\"panel-grid panel-no-style\" ><div id=\"pgc-749-6-0\"  class=\"panel-grid-cell\" ><div id=\"panel-749-6-0-0\" class=\"so-panel widget widget_sow-editor panel-first-child\" data-index=\"19\" ><div\n\t\t\t\n\t\t\tclass=\"so-widget-sow-editor so-widget-sow-editor-base\"\n\t\t\t\n\t\t>\n<div class=\"siteorigin-widget-tinymce textwidget\">\n\t<p><img loading=\"lazy\" decoding=\"async\" class=\"wp-image-1157 size-medium aligncenter\" src=\"http:\/\/www.rpssistemas.com.br\/wp-content\/uploads\/2023\/06\/152370-9-300x300.png\" alt=\"\" width=\"300\" height=\"300\" srcset=\"https:\/\/www.rpssistemas.com.br\/wp-content\/uploads\/2023\/06\/152370-9-300x300.png 300w, https:\/\/www.rpssistemas.com.br\/wp-content\/uploads\/2023\/06\/152370-9-1024x1024.png 1024w, https:\/\/www.rpssistemas.com.br\/wp-content\/uploads\/2023\/06\/152370-9-150x150.png 150w, https:\/\/www.rpssistemas.com.br\/wp-content\/uploads\/2023\/06\/152370-9-768x768.png 768w, https:\/\/www.rpssistemas.com.br\/wp-content\/uploads\/2023\/06\/152370-9.png 1080w\" sizes=\"auto, (max-width: 300px) 100vw, 300px\" \/><\/p>\n<p style=\"text-align: center;\">\u00a0Portesoft - Entre em contato conosco para agendar sua demonstra\u00e7\u00e3o.<\/p>\n<\/div>\n<\/div><\/div><div id=\"panel-749-6-0-1\" class=\"so-panel widget widget_text panel-last-child\" data-index=\"20\" >\t\t\t<div class=\"textwidget\"><p><strong><a href=\"https:\/\/www.youtube.com\/watch?v=iO1lSn1Xe6Q&amp;t=2s\">Video Portesoft &#8211; Sistema de Transporte<\/a><\/strong><\/p>\n<p>&nbsp;<\/p>\n<\/div>\n\t\t<\/div><\/div><div id=\"pgc-749-6-1\"  class=\"panel-grid-cell panel-grid-cell-empty panel-grid-cell-mobile-last\" ><\/div><div id=\"pgc-749-6-2\"  class=\"panel-grid-cell panel-grid-cell-empty\" ><\/div><\/div><\/div>","protected":false},"excerpt":{"rendered":"<p>Telefones: (55) 3411-2900 Email: diretorcomercialrps@gmail.com Endere\u00e7o: Rua prado lima, 3089 &#8211; Bairro &#8211; S\u00e3o Miguel Uruguaiana &#8211; RS &#8211; CEP: 97502736 Contato: Sergio Colvero &#8211; (55) 999152370 Caso necessite de auxilio para instala\u00e7\u00e3o e configura\u00e7\u00e3o de DEMO. Agende uma demonstra\u00e7\u00e3o com nosso representante comercial. Demonstra\u00e7\u00e3o v\u00e1lida por 20 dias, PDV. Manual de Instala\u00e7\u00e3o PDV Demonstra\u00e7\u00e3o&hellip;<\/p>\n","protected":false},"author":1,"featured_media":0,"parent":200,"menu_order":3,"comment_status":"closed","ping_status":"closed","template":"page-full-width.php","meta":{"footnotes":""},"class_list":["post-749","page","type-page","status-publish","hentry"],"_links":{"self":[{"href":"https:\/\/www.rpssistemas.com.br\/index.php?rest_route=\/wp\/v2\/pages\/749","targetHints":{"allow":["GET"]}}],"collection":[{"href":"https:\/\/www.rpssistemas.com.br\/index.php?rest_route=\/wp\/v2\/pages"}],"about":[{"href":"https:\/\/www.rpssistemas.com.br\/index.php?rest_route=\/wp\/v2\/types\/page"}],"author":[{"embeddable":true,"href":"https:\/\/www.rpssistemas.com.br\/index.php?rest_route=\/wp\/v2\/users\/1"}],"replies":[{"embeddable":true,"href":"https:\/\/www.rpssistemas.com.br\/index.php?rest_route=%2Fwp%2Fv2%2Fcomments&post=749"}],"version-history":[{"count":109,"href":"https:\/\/www.rpssistemas.com.br\/index.php?rest_route=\/wp\/v2\/pages\/749\/revisions"}],"predecessor-version":[{"id":757,"href":"https:\/\/www.rpssistemas.com.br\/index.php?rest_route=\/wp\/v2\/pages\/749\/revisions\/757"}],"up":[{"embeddable":true,"href":"https:\/\/www.rpssistemas.com.br\/index.php?rest_route=\/wp\/v2\/pages\/200"}],"wp:attachment":[{"href":"https:\/\/www.rpssistemas.com.br\/index.php?rest_route=%2Fwp%2Fv2%2Fmedia&parent=749"}],"curies":[{"name":"wp","href":"https:\/\/api.w.org\/{rel}","templated":true}]}}