{"id":664,"date":"2018-07-20T09:07:59","date_gmt":"2018-07-20T12:07:59","guid":{"rendered":"http:\/\/www.rpssistemas.com.br\/?page_id=664"},"modified":"2018-07-20T09:28:25","modified_gmt":"2018-07-20T12:28:25","slug":"cooperativa-transportadora","status":"publish","type":"page","link":"https:\/\/www.rpssistemas.com.br\/?page_id=664","title":{"rendered":"Cooperativa \/ Transportadora"},"content":{"rendered":"<div id=\"pl-664\"  class=\"panel-layout\" ><div id=\"pg-664-0\"  class=\"panel-grid panel-has-style\" ><div class=\"siteorigin-panels-stretch panel-row-style panel-row-style-for-664-0\" data-stretch-type=\"full\" ><div id=\"pgc-664-0-0\"  class=\"panel-grid-cell\" ><div id=\"panel-664-0-0-0\" class=\"so-panel widget widget_sow-headline panel-first-child\" data-index=\"0\" ><div class=\"panel-widget-style panel-widget-style-for-664-0-0-0\" ><div\n\t\t\t\n\t\t\tclass=\"so-widget-sow-headline so-widget-sow-headline-default-4eb5d2c29f1f-664\"\n\t\t\t\n\t\t><div class=\"sow-headline-container \">\n\t<h1 class='sow-headline'>Automa\u00e7\u00e3o de Cooperativas e Transportadoras<\/h1><h3 class='sow-sub-headline'>O RPSW158 \u00e9 um software de gest\u00e3o administrativa, operacional e financeira para Cooperativas e Empresas de Transporte Rodovi\u00e1rio de Cargas.<\/h3><\/div>\n<\/div><\/div><\/div><div id=\"panel-664-0-0-1\" class=\"so-panel widget widget_sow-features panel-last-child\" data-index=\"1\" ><div\n\t\t\t\n\t\t\tclass=\"so-widget-sow-features so-widget-sow-features-default-8205081ac97d-664\"\n\t\t\t\n\t\t>\n<div class=\"sow-features-list sow-features-responsive\">\n\n\t\t\t\t\t\t\t\t\t<div\n\t\t\t\tclass=\"sow-features-feature sow-icon-container-position-top\"\n\t\t\t\tstyle=\"display: flex; flex-direction: column; width: calc(33.333% - 25px);\"\n\t\t\t>\n\t\t\t\n\t\t\t\t\t\t\t\t<div\n\t\t\t\t\tclass=\"sow-icon-container sow-container-round\"\n\t\t\t\t\tstyle=\"color: #40ceb2; \"\n\t\t\t\t\t>\n\t\t\t\t\t<span class=\"sow-icon-fontawesome sow-fas\" data-sow-icon=\"&#xf085;\"\n\t\tstyle=\"font-size: 50px; color: #ffffff\" \n\t\taria-hidden=\"true\"><\/span>\t\t\t\t<\/div>\n\t\t\t\t\n\t\t\t\t<div class=\"textwidget\">\n\t\t\t\t\t\n\t\t\t\t\t\t\t\t\t\t\t<h5>\n\t\t\t\t\t\t\t\n\t\t\t\t\t\t\tRequisitos:\t\t\t\t\t\t\t\t\t\t\t\t\t<\/h5>\n\t\t\t\t\t\n\t\t\t\t\t\t\t\t\t\t\t<h5 class=\"r\">Windows 8,\u00a0Windows 10\n<strong>\u00a02 GB MEM\u00d3RIA<\/strong>\n<strong> HD 20 GB<\/strong><\/h5>\t\t\t\t\t\n\t\t\t\t\t\t\t\t\t<\/div>\n\t\t\t\t\t\t\t\t\n\t\t\t\t\t\t\t<\/div>\n\n\t\t\t\t\t\t\t\t<div\n\t\t\t\tclass=\"sow-features-feature sow-icon-container-position-top\"\n\t\t\t\tstyle=\"display: flex; flex-direction: column; width: calc(33.333% - 25px);\"\n\t\t\t>\n\t\t\t\n\t\t\t\t\t\t\t\t<div\n\t\t\t\t\tclass=\"sow-icon-container sow-container-round\"\n\t\t\t\t\tstyle=\"color: #40ceb2; \"\n\t\t\t\t\t>\n\t\t\t\t\t<span class=\"sow-icon-fontawesome sow-fas\" data-sow-icon=\"&#xf0cb;\"\n\t\tstyle=\"font-size: 50px; color: #ffffff\" \n\t\taria-hidden=\"true\"><\/span>\t\t\t\t<\/div>\n\t\t\t\t\n\t\t\t\t<div class=\"textwidget\">\n\t\t\t\t\t\n\t\t\t\t\t\t\t\t\t\t\t<h5>\n\t\t\t\t\t\t\t\n\t\t\t\t\t\t\tRelat\u00f3rios\t\t\t\t\t\t\t\t\t\t\t\t\t<\/h5>\n\t\t\t\t\t\n\t\t\t\t\t\t\t\t\t\t\t<p>Cadastros<br \/>\nCRT<br \/>\nMIC<br \/>\nMIC Continua\u00e7\u00e3o<br \/>\nOrdem de Coleta<br \/>\nContrato de Frete<br \/>\nCT-e<br \/>\nMDF-e<\/p>\n\t\t\t\t\t\n\t\t\t\t\t\t\t\t\t<\/div>\n\t\t\t\t\t\t\t\t\n\t\t\t\t\t\t\t<\/div>\n\n\t\t\t\t\t\t\t\t<div\n\t\t\t\tclass=\"sow-features-feature sow-icon-container-position-top\"\n\t\t\t\tstyle=\"display: flex; flex-direction: column; width: calc(33.333% - 25px);\"\n\t\t\t>\n\t\t\t\n\t\t\t\t\t\t\t\t<div\n\t\t\t\t\tclass=\"sow-icon-container sow-container-round\"\n\t\t\t\t\tstyle=\"color: #40ceb2; \"\n\t\t\t\t\t>\n\t\t\t\t\t\t\t\t\t<\/div>\n\t\t\t\t\n\t\t\t\t<div class=\"textwidget\">\n\t\t\t\t\t\n\t\t\t\t\t\t\t\t\t\t\t<h5>\n\t\t\t\t\t\t\t\n\t\t\t\t\t\t\tEmiss\u00e3o\t\t\t\t\t\t\t\t\t\t\t\t\t<\/h5>\n\t\t\t\t\t\n\t\t\t\t\t\t\t\t\t\t\t<p>CRT<br \/>\nMIC<br \/>\nMIC Continua\u00e7\u00e3o<br \/>\nOrdem de Coleta<br \/>\nContrato de Frete<br \/>\nSEST\/SENAT e IRRF.<br \/>\nCT-e<br \/>\nMDF-e<\/p>\n\t\t\t\t\t\n\t\t\t\t\t\t\t\t\t<\/div>\n\t\t\t\t\t\t\t\t\n\t\t\t\t\t\t\t<\/div>\n\n\t\t\t\t\t\t\t\t<div\n\t\t\t\tclass=\"sow-features-feature sow-icon-container-position-top\"\n\t\t\t\tstyle=\"display: flex; flex-direction: column; width: calc(33.333% - 25px);\"\n\t\t\t>\n\t\t\t\n\t\t\t\t\t\t\t\t<div\n\t\t\t\t\tclass=\"sow-icon-container sow-container-round\"\n\t\t\t\t\tstyle=\"color: #40ceb2; \"\n\t\t\t\t\ttitle=\"Financeiro\">\n\t\t\t\t\t<span class=\"sow-icon-fontawesome sow-fas\" data-sow-icon=\"&#x24;\"\n\t\tstyle=\"font-size: 50px; color: #FFFFFF\" \n\t\taria-hidden=\"true\"><\/span>\t\t\t\t<\/div>\n\t\t\t\t\n\t\t\t\t<div class=\"textwidget\">\n\t\t\t\t\t\n\t\t\t\t\t\t\t\t\t\t\t<h5>\n\t\t\t\t\t\t\t\n\t\t\t\t\t\t\tFinanceiro\t\t\t\t\t\t\t\t\t\t\t\t\t<\/h5>\n\t\t\t\t\t\n\t\t\t\t\t\t\t\t\t\t\t<p>Controle de Contas a Pagar e Contas a Receber<br \/>\nControle de Caixa e Bancos<br \/>\nFaturamento<\/p>\n\t\t\t\t\t\n\t\t\t\t\t\t\t\t\t<\/div>\n\t\t\t\t\t\t\t\t\n\t\t\t\t\t\t\t<\/div>\n\n\t\t\t\n<\/div>\n<\/div><\/div><\/div><\/div><\/div><div id=\"pg-664-1\"  class=\"panel-grid panel-no-style\" ><div id=\"pgc-664-1-0\"  class=\"panel-grid-cell panel-grid-cell-empty panel-grid-cell-mobile-last\" ><\/div><div id=\"pgc-664-1-1\"  class=\"panel-grid-cell panel-grid-cell-empty\" ><\/div><\/div><div id=\"pg-664-2\"  class=\"panel-grid panel-no-style\" ><div id=\"pgc-664-2-0\"  class=\"panel-grid-cell\" ><div id=\"panel-664-2-0-0\" class=\"so-panel widget widget_sow-editor panel-first-child panel-last-child\" data-index=\"2\" ><div\n\t\t\t\n\t\t\tclass=\"so-widget-sow-editor so-widget-sow-editor-base\"\n\t\t\t\n\t\t>\n<div class=\"siteorigin-widget-tinymce textwidget\">\n\t<\/div>\n<\/div><\/div><\/div><\/div><\/div>","protected":false},"excerpt":{"rendered":"<p>Automa\u00e7\u00e3o de Cooperativas e TransportadorasO RPSW158 \u00e9 um software de gest\u00e3o administrativa, operacional e financeira para Cooperativas e Empresas de Transporte Rodovi\u00e1rio de Cargas. Requisitos: Windows 8,\u00a0Windows 10 \u00a02 GB MEM\u00d3RIA HD 20 GB Relat\u00f3rios Cadastros CRT MIC MIC Continua\u00e7\u00e3o Ordem de Coleta Contrato de Frete CT-e MDF-e Emiss\u00e3o CRT MIC MIC Continua\u00e7\u00e3o Ordem de&hellip;<\/p>\n","protected":false},"author":1,"featured_media":0,"parent":188,"menu_order":0,"comment_status":"closed","ping_status":"closed","template":"page-full-width.php","meta":{"footnotes":""},"class_list":["post-664","page","type-page","status-publish","hentry"],"_links":{"self":[{"href":"https:\/\/www.rpssistemas.com.br\/index.php?rest_route=\/wp\/v2\/pages\/664","targetHints":{"allow":["GET"]}}],"collection":[{"href":"https:\/\/www.rpssistemas.com.br\/index.php?rest_route=\/wp\/v2\/pages"}],"about":[{"href":"https:\/\/www.rpssistemas.com.br\/index.php?rest_route=\/wp\/v2\/types\/page"}],"author":[{"embeddable":true,"href":"https:\/\/www.rpssistemas.com.br\/index.php?rest_route=\/wp\/v2\/users\/1"}],"replies":[{"embeddable":true,"href":"https:\/\/www.rpssistemas.com.br\/index.php?rest_route=%2Fwp%2Fv2%2Fcomments&post=664"}],"version-history":[{"count":8,"href":"https:\/\/www.rpssistemas.com.br\/index.php?rest_route=\/wp\/v2\/pages\/664\/revisions"}],"predecessor-version":[{"id":676,"href":"https:\/\/www.rpssistemas.com.br\/index.php?rest_route=\/wp\/v2\/pages\/664\/revisions\/676"}],"up":[{"embeddable":true,"href":"https:\/\/www.rpssistemas.com.br\/index.php?rest_route=\/wp\/v2\/pages\/188"}],"wp:attachment":[{"href":"https:\/\/www.rpssistemas.com.br\/index.php?rest_route=%2Fwp%2Fv2%2Fmedia&parent=664"}],"curies":[{"name":"wp","href":"https:\/\/api.w.org\/{rel}","templated":true}]}}