{"id":190,"date":"2018-06-25T09:40:49","date_gmt":"2018-06-25T12:40:49","guid":{"rendered":"http:\/\/www.rpssistemas.com.br\/?page_id=190"},"modified":"2024-03-18T14:26:03","modified_gmt":"2024-03-18T17:26:03","slug":"automacao","status":"publish","type":"page","link":"https:\/\/www.rpssistemas.com.br\/?page_id=190","title":{"rendered":"RPS Automa\u00e7\u00e3o"},"content":{"rendered":"<div id=\"pl-190\"  class=\"panel-layout\" ><div id=\"pg-190-0\"  class=\"panel-grid panel-has-style\" ><div class=\"siteorigin-panels-stretch panel-row-style panel-row-style-for-190-0\" data-stretch-type=\"full-stretched\" ><div id=\"pgc-190-0-0\"  class=\"panel-grid-cell panel-grid-cell-empty\" ><div class=\"panel-cell-style panel-cell-style-for-190-0-0\" ><\/div><\/div><div id=\"pgc-190-0-1\"  class=\"panel-grid-cell\" ><div id=\"panel-190-0-1-0\" class=\"so-panel widget widget_text panel-first-child\" data-index=\"0\" ><h3 class=\"widget-title\">Demonstra\u00e7\u00e3o<\/h3>\t\t\t<div class=\"textwidget\"><p>Caso necessite de auxilio para instala\u00e7\u00e3o e configura\u00e7\u00e3o de DEMO.<br \/>\nAgende uma demonstra\u00e7\u00e3o com nosso representante comercial.<\/p>\n<\/div>\n\t\t<\/div><div id=\"panel-190-0-1-1\" class=\"so-panel widget widget_sow-button panel-last-child\" data-index=\"1\" ><div\n\t\t\t\n\t\t\tclass=\"so-widget-sow-button so-widget-sow-button-flat-f54c0409268f-190\"\n\t\t\t\n\t\t><div class=\"ow-button-base ow-button-align-center\">\n\t<a\n\thref=\"https:\/\/www.rpssistemas.com.br\/?page_id=749\"\n\t\tclass=\"ow-icon-placement-left ow-button-hover\" \t>\n\t\t<span>\n\t\t\t\n\t\t\tBaixar Demonstra\u00e7\u00e3o\t\t<\/span>\n\t<\/a>\n<\/div>\n<\/div><\/div><\/div><div id=\"pgc-190-0-2\"  class=\"panel-grid-cell\" ><div id=\"panel-190-0-2-0\" class=\"so-panel widget widget_sow-image panel-first-child panel-last-child\" data-index=\"2\" ><div\n\t\t\t\n\t\t\tclass=\"so-widget-sow-image so-widget-sow-image-default-8b5b6f678277-190\"\n\t\t\t\n\t\t>\n\n<div class=\"sow-image-container\">\n\t\t<img decoding=\"async\" src=\"https:\/\/layouts.siteorigin.com\/wp-content\/uploads\/2022\/05\/linkedin-sales-solutions-YDVdprpgHv4-unsplash.jpeg\" title=\"RPS Automa\u00e7\u00e3o\" alt=\"\" loading=\"lazy\" \t\tclass=\"so-widget-image\"\/>\n\t<\/div>\n\n<\/div><\/div><\/div><\/div><\/div><\/div>","protected":false},"excerpt":{"rendered":"<p>Caso necessite de auxilio para instala\u00e7\u00e3o e configura\u00e7\u00e3o de DEMO. Agende uma demonstra\u00e7\u00e3o com nosso representante comercial.<\/p>\n","protected":false},"author":1,"featured_media":0,"parent":100,"menu_order":0,"comment_status":"closed","ping_status":"closed","template":"page-full-width.php","meta":{"footnotes":""},"class_list":["post-190","page","type-page","status-publish","hentry"],"_links":{"self":[{"href":"https:\/\/www.rpssistemas.com.br\/index.php?rest_route=\/wp\/v2\/pages\/190","targetHints":{"allow":["GET"]}}],"collection":[{"href":"https:\/\/www.rpssistemas.com.br\/index.php?rest_route=\/wp\/v2\/pages"}],"about":[{"href":"https:\/\/www.rpssistemas.com.br\/index.php?rest_route=\/wp\/v2\/types\/page"}],"author":[{"embeddable":true,"href":"https:\/\/www.rpssistemas.com.br\/index.php?rest_route=\/wp\/v2\/users\/1"}],"replies":[{"embeddable":true,"href":"https:\/\/www.rpssistemas.com.br\/index.php?rest_route=%2Fwp%2Fv2%2Fcomments&post=190"}],"version-history":[{"count":147,"href":"https:\/\/www.rpssistemas.com.br\/index.php?rest_route=\/wp\/v2\/pages\/190\/revisions"}],"predecessor-version":[{"id":1360,"href":"https:\/\/www.rpssistemas.com.br\/index.php?rest_route=\/wp\/v2\/pages\/190\/revisions\/1360"}],"up":[{"embeddable":true,"href":"https:\/\/www.rpssistemas.com.br\/index.php?rest_route=\/wp\/v2\/pages\/100"}],"wp:attachment":[{"href":"https:\/\/www.rpssistemas.com.br\/index.php?rest_route=%2Fwp%2Fv2%2Fmedia&parent=190"}],"curies":[{"name":"wp","href":"https:\/\/api.w.org\/{rel}","templated":true}]}}