{"id":188,"date":"2018-06-25T09:40:22","date_gmt":"2018-06-25T12:40:22","guid":{"rendered":"http:\/\/www.rpssistemas.com.br\/?page_id=188"},"modified":"2018-07-20T09:21:16","modified_gmt":"2018-07-20T12:21:16","slug":"transporte","status":"publish","type":"page","link":"https:\/\/www.rpssistemas.com.br\/?page_id=188","title":{"rendered":"Transporte"},"content":{"rendered":"<div id=\"pl-188\"  class=\"panel-layout\" ><div id=\"pg-188-0\"  class=\"panel-grid panel-no-style\" ><div id=\"pgc-188-0-0\"  class=\"panel-grid-cell\" ><div id=\"panel-188-0-0-0\" class=\"so-panel widget widget_sow-editor panel-first-child panel-last-child\" data-index=\"0\" ><div\n\t\t\t\n\t\t\tclass=\"so-widget-sow-editor so-widget-sow-editor-base\"\n\t\t\t\n\t\t>\n<div class=\"siteorigin-widget-tinymce textwidget\">\n\t<p><a href=\"http:\/\/www.rpssistemas.com.br\/?page_id=603\"><img loading=\"lazy\" decoding=\"async\" class=\"wp-image-474 size-full aligncenter\" src=\"http:\/\/www.rpssistemas.com.br\/wp-content\/uploads\/2018\/07\/transp.png\" alt=\"\" width=\"256\" height=\"256\" srcset=\"https:\/\/www.rpssistemas.com.br\/wp-content\/uploads\/2018\/07\/transp.png 256w, https:\/\/www.rpssistemas.com.br\/wp-content\/uploads\/2018\/07\/transp-150x150.png 150w\" sizes=\"auto, (max-width: 256px) 100vw, 256px\" \/><\/a><\/p>\n<p style=\"text-align: center;\">O Portesoft \u00e9 oque faltava para as empresas de transporte agilizar seus servi\u00e7os.<\/p>\n<\/div>\n<\/div><\/div><\/div><div id=\"pgc-188-0-1\"  class=\"panel-grid-cell panel-grid-cell-empty\" ><\/div><div id=\"pgc-188-0-2\"  class=\"panel-grid-cell\" ><div id=\"panel-188-0-2-0\" class=\"so-panel widget widget_sow-editor panel-first-child panel-last-child\" data-index=\"1\" ><div\n\t\t\t\n\t\t\tclass=\"so-widget-sow-editor so-widget-sow-editor-base\"\n\t\t\t\n\t\t>\n<div class=\"siteorigin-widget-tinymce textwidget\">\n\t<h2><a href=\"http:\/\/www.rpssistemas.com.br\/?page_id=664\"><img loading=\"lazy\" decoding=\"async\" class=\"wp-image-474 size-full aligncenter\" src=\"http:\/\/www.rpssistemas.com.br\/wp-content\/uploads\/2018\/07\/transp.png\" alt=\"\" width=\"256\" height=\"256\" srcset=\"https:\/\/www.rpssistemas.com.br\/wp-content\/uploads\/2018\/07\/transp.png 256w, https:\/\/www.rpssistemas.com.br\/wp-content\/uploads\/2018\/07\/transp-150x150.png 150w\" sizes=\"auto, (max-width: 256px) 100vw, 256px\" \/><\/a><\/h2>\n<p style=\"text-align: center;\">O rpsw158 \u00e9 software de gest\u00e3o administrativa, operacional e financeira<\/p>\n<p style=\"text-align: center;\">\n<\/div>\n<\/div><\/div><\/div><\/div><\/div>","protected":false},"excerpt":{"rendered":"<p>O Portesoft \u00e9 oque faltava para as empresas de transporte agilizar seus servi\u00e7os. O rpsw158 \u00e9 software de gest\u00e3o administrativa, operacional e financeira<\/p>\n","protected":false},"author":1,"featured_media":0,"parent":100,"menu_order":0,"comment_status":"closed","ping_status":"closed","template":"page-full-width.php","meta":{"footnotes":""},"class_list":["post-188","page","type-page","status-publish","hentry"],"_links":{"self":[{"href":"https:\/\/www.rpssistemas.com.br\/index.php?rest_route=\/wp\/v2\/pages\/188","targetHints":{"allow":["GET"]}}],"collection":[{"href":"https:\/\/www.rpssistemas.com.br\/index.php?rest_route=\/wp\/v2\/pages"}],"about":[{"href":"https:\/\/www.rpssistemas.com.br\/index.php?rest_route=\/wp\/v2\/types\/page"}],"author":[{"embeddable":true,"href":"https:\/\/www.rpssistemas.com.br\/index.php?rest_route=\/wp\/v2\/users\/1"}],"replies":[{"embeddable":true,"href":"https:\/\/www.rpssistemas.com.br\/index.php?rest_route=%2Fwp%2Fv2%2Fcomments&post=188"}],"version-history":[{"count":22,"href":"https:\/\/www.rpssistemas.com.br\/index.php?rest_route=\/wp\/v2\/pages\/188\/revisions"}],"predecessor-version":[{"id":674,"href":"https:\/\/www.rpssistemas.com.br\/index.php?rest_route=\/wp\/v2\/pages\/188\/revisions\/674"}],"up":[{"embeddable":true,"href":"https:\/\/www.rpssistemas.com.br\/index.php?rest_route=\/wp\/v2\/pages\/100"}],"wp:attachment":[{"href":"https:\/\/www.rpssistemas.com.br\/index.php?rest_route=%2Fwp%2Fv2%2Fmedia&parent=188"}],"curies":[{"name":"wp","href":"https:\/\/api.w.org\/{rel}","templated":true}]}}