{"id":1431,"date":"2025-04-07T11:55:52","date_gmt":"2025-04-07T14:55:52","guid":{"rendered":"https:\/\/www.rpssistemas.com.br\/?page_id=1431"},"modified":"2025-04-07T13:51:51","modified_gmt":"2025-04-07T16:51:51","slug":"parceiros","status":"publish","type":"page","link":"https:\/\/www.rpssistemas.com.br\/?page_id=1431","title":{"rendered":"PARCEIROS"},"content":{"rendered":"<div id=\"pl-1431\"  class=\"panel-layout\" ><div id=\"pg-1431-0\"  class=\"panel-grid panel-no-style\" ><div id=\"pgc-1431-0-0\"  class=\"panel-grid-cell\" ><div class=\"panel-cell-style panel-cell-style-for-1431-0-0\" ><div id=\"panel-1431-0-0-0\" class=\"so-panel widget widget_siteorigin-panels-builder panel-first-child panel-last-child\" data-index=\"0\" ><div id=\"pl-w67f402a7e47a8\"  class=\"panel-layout\" ><div id=\"pg-w67f402a7e47a8-0\"  class=\"panel-grid panel-no-style\" ><div id=\"pgc-w67f402a7e47a8-0-0\"  class=\"panel-grid-cell\" ><div id=\"panel-w67f402a7e47a8-0-0-0\" class=\"so-panel widget widget_sow-headline panel-first-child panel-last-child\" data-index=\"0\" ><div\n\t\t\t\n\t\t\tclass=\"so-widget-sow-headline so-widget-sow-headline-default-289a86125643 so-widget-fittext-wrapper\"\n\t\t\t data-fit-text-compressor=\"0.85\"\n\t\t><div class=\"sow-headline-container \">\n\t<h2 class='sow-headline'>INTEGRA\u00c7\u00c3O COM A CONNECT STONE<\/h2><p class='sow-sub-headline'>A integra\u00e7\u00e3o da nossa solu\u00e7\u00e3o de vendas com a Connect Stone, proporcionando um processo de pagamento r\u00e1pido, seguro e eficiente.<\/p><\/div>\n<\/div><\/div><\/div><\/div><div id=\"pg-w67f402a7e47a8-1\"  class=\"panel-grid panel-no-style\" ><div id=\"pgc-w67f402a7e47a8-1-0\"  class=\"panel-grid-cell panel-grid-cell-empty\" ><\/div><div id=\"pgc-w67f402a7e47a8-1-1\"  class=\"panel-grid-cell panel-grid-cell-empty\" ><\/div><div id=\"pgc-w67f402a7e47a8-1-2\"  class=\"panel-grid-cell panel-grid-cell-empty panel-grid-cell-mobile-last\" ><\/div><div id=\"pgc-w67f402a7e47a8-1-3\"  class=\"panel-grid-cell panel-grid-cell-empty\" ><\/div><\/div><\/div><\/div><\/div><\/div><div id=\"pgc-1431-0-1\"  class=\"panel-grid-cell\" ><div id=\"panel-1431-0-1-0\" class=\"so-panel widget widget_sow-image panel-first-child panel-last-child\" data-index=\"1\" ><div\n\t\t\t\n\t\t\tclass=\"so-widget-sow-image so-widget-sow-image-default-8b5b6f678277-1431\"\n\t\t\t\n\t\t>\n\n<div class=\"sow-image-container\">\n\t\t\t<a href=\"https:\/\/storage.googleapis.com\/partnerhub_partner_badges_prod\/D_6634eaa6814dc200186f0eb9.png\"\n\t\t\t\t\t>\n\t\t\t<img decoding=\"async\" src=\"https:\/\/www.rpssistemas.com.br\/wp-content\/uploads\/2025\/04\/stone.png\" width=\"1253\" height=\"589\" srcset=\"https:\/\/www.rpssistemas.com.br\/wp-content\/uploads\/2025\/04\/stone.png 1253w, https:\/\/www.rpssistemas.com.br\/wp-content\/uploads\/2025\/04\/stone-300x141.png 300w, https:\/\/www.rpssistemas.com.br\/wp-content\/uploads\/2025\/04\/stone-1024x481.png 1024w, https:\/\/www.rpssistemas.com.br\/wp-content\/uploads\/2025\/04\/stone-768x361.png 768w\" sizes=\"auto, (max-width: 1253px) 100vw, 1253px\" alt=\"\" loading=\"lazy\" \t\tclass=\"so-widget-image\"\/>\n\t<\/a><\/div>\n\n<\/div><\/div><\/div><\/div><\/div>","protected":false},"excerpt":{"rendered":"<p>INTEGRA\u00c7\u00c3O COM A CONNECT STONEA integra\u00e7\u00e3o da nossa solu\u00e7\u00e3o de vendas com a Connect Stone, proporcionando um processo de pagamento r\u00e1pido, seguro e eficiente.<\/p>\n","protected":false},"author":1,"featured_media":0,"parent":0,"menu_order":0,"comment_status":"closed","ping_status":"closed","template":"page-full-width.php","meta":{"footnotes":""},"class_list":["post-1431","page","type-page","status-publish","hentry"],"_links":{"self":[{"href":"https:\/\/www.rpssistemas.com.br\/index.php?rest_route=\/wp\/v2\/pages\/1431","targetHints":{"allow":["GET"]}}],"collection":[{"href":"https:\/\/www.rpssistemas.com.br\/index.php?rest_route=\/wp\/v2\/pages"}],"about":[{"href":"https:\/\/www.rpssistemas.com.br\/index.php?rest_route=\/wp\/v2\/types\/page"}],"author":[{"embeddable":true,"href":"https:\/\/www.rpssistemas.com.br\/index.php?rest_route=\/wp\/v2\/users\/1"}],"replies":[{"embeddable":true,"href":"https:\/\/www.rpssistemas.com.br\/index.php?rest_route=%2Fwp%2Fv2%2Fcomments&post=1431"}],"version-history":[{"count":4,"href":"https:\/\/www.rpssistemas.com.br\/index.php?rest_route=\/wp\/v2\/pages\/1431\/revisions"}],"predecessor-version":[{"id":1438,"href":"https:\/\/www.rpssistemas.com.br\/index.php?rest_route=\/wp\/v2\/pages\/1431\/revisions\/1438"}],"wp:attachment":[{"href":"https:\/\/www.rpssistemas.com.br\/index.php?rest_route=%2Fwp%2Fv2%2Fmedia&parent=1431"}],"curies":[{"name":"wp","href":"https:\/\/api.w.org\/{rel}","templated":true}]}}