{"id":1000,"date":"2023-01-25T21:04:35","date_gmt":"2023-01-26T00:04:35","guid":{"rendered":"https:\/\/www.rpssistemas.com.br\/?page_id=1000"},"modified":"2025-04-07T13:49:23","modified_gmt":"2025-04-07T16:49:23","slug":"atualizacoes-recentes","status":"publish","type":"page","link":"https:\/\/www.rpssistemas.com.br\/?page_id=1000","title":{"rendered":"Atualiza\u00e7\u00f5es Recentes"},"content":{"rendered":"<style>\/*! elementor - v3.10.1 - 17-01-2023 *\/\n.elementor-heading-title{padding:0;margin:0;line-height:1}.elementor-widget-heading .elementor-heading-title[class*=elementor-size-]>a{color:inherit;font-size:inherit;line-height:inherit}.elementor-widget-heading .elementor-heading-title.elementor-size-small{font-size:15px}.elementor-widget-heading .elementor-heading-title.elementor-size-medium{font-size:19px}.elementor-widget-heading .elementor-heading-title.elementor-size-large{font-size:29px}.elementor-widget-heading .elementor-heading-title.elementor-size-xl{font-size:39px}.elementor-widget-heading .elementor-heading-title.elementor-size-xxl{font-size:59px}<\/style>\n<h2>ATUALIZA\u00c7\u00c3O PDV MOBILE<\/h2>\n<style>\/*! elementor - v3.10.1 - 17-01-2023 *\/\n.elementor-widget-image{text-align:center}.elementor-widget-image a{display:inline-block}.elementor-widget-image a img[src$=\".svg\"]{width:48px}.elementor-widget-image img{vertical-align:middle;display:inline-block}<\/style>\n<p>\t\t\t\t\t\t\t\t\t\t\t\t<img decoding=\"async\" src=\"https:\/\/www.rpssistemas.com.br\/wp-content\/uploads\/elementor\/thumbs\/WhatsApp-Image-2023-01-24-at-20.05.23-q15l2sqzgg6sct9l1ohry65cx9sc9aulmezcz8rhn8.jpeg\" title=\"WhatsApp Image 2023-01-24 at 20.05.23\" alt=\"WhatsApp Image 2023-01-24 at 20.05.23\" loading=\"lazy\" \/>\t\t\t\t\t\t\t\t\t\t\t\t\t\t\t<\/p>\n<style>\/*! elementor - v3.10.1 - 17-01-2023 *\/\n.elementor-column .elementor-spacer-inner{height:var(--spacer-size)}.e-con{--container-widget-width:100%}.e-con-inner>.elementor-widget-spacer,.e-con>.elementor-widget-spacer{width:var(--container-widget-width,var(--spacer-size));--align-self:var(--container-widget-align-self,initial);--flex-shrink:0}.e-con-inner>.elementor-widget-spacer>.elementor-widget-container,.e-con-inner>.elementor-widget-spacer>.elementor-widget-container>.elementor-spacer,.e-con>.elementor-widget-spacer>.elementor-widget-container,.e-con>.elementor-widget-spacer>.elementor-widget-container>.elementor-spacer{height:100%}.e-con-inner>.elementor-widget-spacer>.elementor-widget-container>.elementor-spacer>.elementor-spacer-inner,.e-con>.elementor-widget-spacer>.elementor-widget-container>.elementor-spacer>.elementor-spacer-inner{height:var(--container-widget-height,var(--spacer-size))}<\/style>\n<h2>Atualiza\u00e7\u00e3o Balan\u00e7o e PIX<\/h2>\n<div style=\"width: 600px;\" class=\"wp-video\"><!--[if lt IE 9]><script>document.createElement('video');<\/script><![endif]-->\n<video class=\"wp-video-shortcode\" id=\"video-1000-1\" width=\"600\" height=\"338\" preload=\"metadata\" controls=\"controls\"><source type=\"video\/mp4\" src=\"https:\/\/www.rpssistemas.com.br\/wp-content\/uploads\/2023\/01\/WhatsApp-Video-2023-01-24-at-20.09.38.mp4?_=1\" \/><a href=\"https:\/\/www.rpssistemas.com.br\/wp-content\/uploads\/2023\/01\/WhatsApp-Video-2023-01-24-at-20.09.38.mp4\">https:\/\/www.rpssistemas.com.br\/wp-content\/uploads\/2023\/01\/WhatsApp-Video-2023-01-24-at-20.09.38.mp4<\/a><\/video><\/div>\n","protected":false},"excerpt":{"rendered":"<p>ATUALIZA\u00c7\u00c3O PDV MOBILE Atualiza\u00e7\u00e3o Balan\u00e7o e PIX https:\/\/www.rpssistemas.com.br\/wp-content\/uploads\/2023\/01\/WhatsApp-Video-2023-01-24-at-20.09.38.mp4<\/p>\n","protected":false},"author":1,"featured_media":0,"parent":997,"menu_order":0,"comment_status":"closed","ping_status":"closed","template":"page-full-width.php","meta":{"footnotes":""},"class_list":["post-1000","page","type-page","status-publish","hentry"],"_links":{"self":[{"href":"https:\/\/www.rpssistemas.com.br\/index.php?rest_route=\/wp\/v2\/pages\/1000","targetHints":{"allow":["GET"]}}],"collection":[{"href":"https:\/\/www.rpssistemas.com.br\/index.php?rest_route=\/wp\/v2\/pages"}],"about":[{"href":"https:\/\/www.rpssistemas.com.br\/index.php?rest_route=\/wp\/v2\/types\/page"}],"author":[{"embeddable":true,"href":"https:\/\/www.rpssistemas.com.br\/index.php?rest_route=\/wp\/v2\/users\/1"}],"replies":[{"embeddable":true,"href":"https:\/\/www.rpssistemas.com.br\/index.php?rest_route=%2Fwp%2Fv2%2Fcomments&post=1000"}],"version-history":[{"count":9,"href":"https:\/\/www.rpssistemas.com.br\/index.php?rest_route=\/wp\/v2\/pages\/1000\/revisions"}],"predecessor-version":[{"id":1067,"href":"https:\/\/www.rpssistemas.com.br\/index.php?rest_route=\/wp\/v2\/pages\/1000\/revisions\/1067"}],"up":[{"embeddable":true,"href":"https:\/\/www.rpssistemas.com.br\/index.php?rest_route=\/wp\/v2\/pages\/997"}],"wp:attachment":[{"href":"https:\/\/www.rpssistemas.com.br\/index.php?rest_route=%2Fwp%2Fv2%2Fmedia&parent=1000"}],"curies":[{"name":"wp","href":"https:\/\/api.w.org\/{rel}","templated":true}]}}